{"id":138,"date":"2024-08-23T13:18:41","date_gmt":"2024-08-23T11:18:41","guid":{"rendered":"https:\/\/letincelledaurel.fr\/?post_type=product&#038;p=138"},"modified":"2026-04-24T16:17:13","modified_gmt":"2026-04-24T14:17:13","slug":"bougie-lin","status":"publish","type":"product","link":"https:\/\/letincelledaurel.fr\/index.php\/produit\/bougie-lin\/","title":{"rendered":"Bougie Fleur de Lin"},"content":{"rendered":"<p>Laissez-vous charmer par cette bougie \u00e0 la d\u00e9licate fragrance de fleur de lin, aux notes douces et subtiles qui enveloppent votre int\u00e9rieur d\u2019une \u00e9l\u00e9gance apaisante. Avec ses 145 g de cire, elle offre environ 30 heures de combustion, accompagn\u00e9es du doux cr\u00e9pitement de sa m\u00e8che en bois, pour une atmosph\u00e8re chaleureuse et raffin\u00e9e.<\/p>\n<h4>Information<\/h4>\n<p>Elle se compose de cire de coco et d\u2019une m\u00e8che bois.<br \/>\nJ\u2019ai choisi la m\u00e8che bois car elle procure un effet cocooning gr\u00e2ce \u00e0 sa jolie lumi\u00e8re et son doux cr\u00e9pitement.<br \/>\nS\u2019agissant de model\u00e9 uniques, les photos ne sont pas contractuelles et les couleurs et les rendus peuvent l\u00e9g\u00e8rement changer<\/p>\n<h4>Pyramide olfactive<\/h4>\n<p><img fetchpriority=\"high\" decoding=\"async\" class=\"alignnone wp-image-208\" src=\"https:\/\/letincelledaurel.fr\/wp-content\/uploads\/2024\/08\/Note-2-300x168.png\" alt=\"\" width=\"582\" height=\"326\" srcset=\"https:\/\/letincelledaurel.fr\/wp-content\/uploads\/2024\/08\/Note-2-300x168.png 300w, https:\/\/letincelledaurel.fr\/wp-content\/uploads\/2024\/08\/Note-2-1024x572.png 1024w, https:\/\/letincelledaurel.fr\/wp-content\/uploads\/2024\/08\/Note-2-768x429.png 768w, https:\/\/letincelledaurel.fr\/wp-content\/uploads\/2024\/08\/Note-2-1536x858.png 1536w, https:\/\/letincelledaurel.fr\/wp-content\/uploads\/2024\/08\/Note-2-600x335.png 600w, https:\/\/letincelledaurel.fr\/wp-content\/uploads\/2024\/08\/Note-2.png 1919w\" sizes=\"(max-width: 582px) 100vw, 582px\" \/><\/p>\n<h4>Conseil d\u2019utilisation<\/h4>\n<p>Veiller \u00e0 recouper la m\u00e8che si elle d\u00e9passe 0,7 cm.<\/p>\n<h4>Pr\u00e9cautions d\u2019utilisation<\/h4>\n<p>Ne jamais laisser une bougie sans surveillance.<br \/>\nToujours placer votre bougie sur une surface plane.<br \/>\nNe jamais bouger, d\u00e9placer ou soulever une bougie allum\u00e9e<br \/>\n<strong>Tenir hors de port\u00e9e des enfants et des animaux<\/strong><\/p>\n<h4>\u00c9tiquette<\/h4>\n<p><img decoding=\"async\" class=\"alignnone wp-image-1071\" src=\"https:\/\/letincelledaurel.fr\/wp-content\/uploads\/2024\/11\/bougie-vegetale-fleur-de-lin-1-300x209.jpg\" alt=\"\" width=\"428\" height=\"298\" srcset=\"https:\/\/letincelledaurel.fr\/wp-content\/uploads\/2024\/11\/bougie-vegetale-fleur-de-lin-1-300x209.jpg 300w, https:\/\/letincelledaurel.fr\/wp-content\/uploads\/2024\/11\/bougie-vegetale-fleur-de-lin-1-768x535.jpg 768w, https:\/\/letincelledaurel.fr\/wp-content\/uploads\/2024\/11\/bougie-vegetale-fleur-de-lin-1-600x418.jpg 600w, https:\/\/letincelledaurel.fr\/wp-content\/uploads\/2024\/11\/bougie-vegetale-fleur-de-lin-1.jpg 800w\" sizes=\"(max-width: 428px) 100vw, 428px\" \/><\/p>\n","protected":false},"excerpt":{"rendered":"<p>Laissez-vous charmer par cette bougie \u00e0 la d\u00e9licate fragrance de fleur de lin, aux notes douces et subtiles qui enveloppent votre int\u00e9rieur d\u2019une \u00e9l\u00e9gance apaisante. Avec ses 145 g de cire, elle offre environ 30 heures de combustion, accompagn\u00e9es du doux cr\u00e9pitement de sa m\u00e8che en bois, pour une atmosph\u00e8re chaleureuse et raffin\u00e9e.<\/p>\n","protected":false},"featured_media":1598,"template":"","meta":{"_eb_attr":"","site-sidebar-layout":"default","site-content-layout":"","ast-site-content-layout":"default","site-content-style":"default","site-sidebar-style":"default","ast-global-header-display":"","ast-banner-title-visibility":"","ast-main-header-display":"","ast-hfb-above-header-display":"","ast-hfb-below-header-display":"","ast-hfb-mobile-header-display":"","site-post-title":"","ast-breadcrumbs-content":"","ast-featured-img":"","footer-sml-layout":"","ast-disable-related-posts":"","theme-transparent-header-meta":"default","adv-header-id-meta":"","stick-header-meta":"","header-above-stick-meta":"","header-main-stick-meta":"","header-below-stick-meta":"","astra-migrate-meta-layouts":"set","ast-page-background-enabled":"default","ast-page-background-meta":{"desktop":{"background-color":"var(--ast-global-color-5)","background-image":"","background-repeat":"repeat","background-position":"center center","background-size":"auto","background-attachment":"scroll","background-type":"","background-media":"","overlay-type":"","overlay-color":"","overlay-opacity":"","overlay-gradient":""},"tablet":{"background-color":"","background-image":"","background-repeat":"repeat","background-position":"center center","background-size":"auto","background-attachment":"scroll","background-type":"","background-media":"","overlay-type":"","overlay-color":"","overlay-opacity":"","overlay-gradient":""},"mobile":{"background-color":"","background-image":"","background-repeat":"repeat","background-position":"center center","background-size":"auto","background-attachment":"scroll","background-type":"","background-media":"","overlay-type":"","overlay-color":"","overlay-opacity":"","overlay-gradient":""}},"ast-content-background-meta":{"desktop":{"background-color":"var(--ast-global-color-4)","background-image":"","background-repeat":"repeat","background-position":"center center","background-size":"auto","background-attachment":"scroll","background-type":"","background-media":"","overlay-type":"","overlay-color":"","overlay-opacity":"","overlay-gradient":""},"tablet":{"background-color":"var(--ast-global-color-4)","background-image":"","background-repeat":"repeat","background-position":"center center","background-size":"auto","background-attachment":"scroll","background-type":"","background-media":"","overlay-type":"","overlay-color":"","overlay-opacity":"","overlay-gradient":""},"mobile":{"background-color":"var(--ast-global-color-4)","background-image":"","background-repeat":"repeat","background-position":"center center","background-size":"auto","background-attachment":"scroll","background-type":"","background-media":"","overlay-type":"","overlay-color":"","overlay-opacity":"","overlay-gradient":""}}},"product_brand":[],"product_cat":[25],"product_tag":[],"class_list":{"0":"post-138","1":"product","2":"type-product","3":"status-publish","4":"has-post-thumbnail","6":"product_cat-bougies-parfumees","7":"desktop-align-left","8":"tablet-align-left","9":"mobile-align-left","11":"first","12":"instock","13":"shipping-taxable","14":"purchasable","15":"product-type-simple"},"yoast_head":"<!-- This site is optimized with the Yoast SEO plugin v27.4 - https:\/\/yoast.com\/product\/yoast-seo-wordpress\/ -->\n<title>Bougie Fleur de Lin - L&#039;\u00c9tincelle d&#039;Aurel<\/title>\n<meta name=\"robots\" content=\"index, follow, max-snippet:-1, max-image-preview:large, max-video-preview:-1\" \/>\n<link rel=\"canonical\" href=\"https:\/\/letincelledaurel.fr\/index.php\/produit\/bougie-lin\/\" \/>\n<meta property=\"og:locale\" content=\"fr_FR\" \/>\n<meta property=\"og:type\" content=\"article\" \/>\n<meta property=\"og:title\" content=\"Bougie Fleur de Lin - L&#039;\u00c9tincelle d&#039;Aurel\" \/>\n<meta property=\"og:description\" content=\"Laissez-vous charmer par cette bougie \u00e0 la d\u00e9licate fragrance de fleur de lin, aux notes douces et subtiles qui enveloppent votre int\u00e9rieur d\u2019une \u00e9l\u00e9gance apaisante. Avec ses 145 g de cire, elle offre environ 30 heures de combustion, accompagn\u00e9es du doux cr\u00e9pitement de sa m\u00e8che en bois, pour une atmosph\u00e8re chaleureuse et raffin\u00e9e.\" \/>\n<meta property=\"og:url\" content=\"https:\/\/letincelledaurel.fr\/index.php\/produit\/bougie-lin\/\" \/>\n<meta property=\"og:site_name\" content=\"L&#039;\u00c9tincelle d&#039;Aurel\" \/>\n<meta property=\"article:publisher\" content=\"https:\/\/www.facebook.com\/people\/Ltincelle-dAurel\/61566151084639\/\" \/>\n<meta property=\"article:modified_time\" content=\"2026-04-24T14:17:13+00:00\" \/>\n<meta property=\"og:image\" content=\"https:\/\/letincelledaurel.fr\/wp-content\/uploads\/2025\/09\/Gemini_Generated_Image_m7st94m7st94m7st.png\" \/>\n\t<meta property=\"og:image:width\" content=\"896\" \/>\n\t<meta property=\"og:image:height\" content=\"1195\" \/>\n\t<meta property=\"og:image:type\" content=\"image\/png\" \/>\n<meta name=\"twitter:card\" content=\"summary_large_image\" \/>\n<meta name=\"twitter:label1\" content=\"Dur\u00e9e de lecture estim\u00e9e\" \/>\n\t<meta name=\"twitter:data1\" content=\"2 minutes\" \/>\n<script type=\"application\/ld+json\" class=\"yoast-schema-graph\">{\"@context\":\"https:\\\/\\\/schema.org\",\"@graph\":[{\"@type\":\"WebPage\",\"@id\":\"https:\\\/\\\/letincelledaurel.fr\\\/index.php\\\/produit\\\/bougie-lin\\\/\",\"url\":\"https:\\\/\\\/letincelledaurel.fr\\\/index.php\\\/produit\\\/bougie-lin\\\/\",\"name\":\"Bougie Fleur de Lin - L&#039;\u00c9tincelle d&#039;Aurel\",\"isPartOf\":{\"@id\":\"https:\\\/\\\/letincelledaurel.fr\\\/#website\"},\"primaryImageOfPage\":{\"@id\":\"https:\\\/\\\/letincelledaurel.fr\\\/index.php\\\/produit\\\/bougie-lin\\\/#primaryimage\"},\"image\":{\"@id\":\"https:\\\/\\\/letincelledaurel.fr\\\/index.php\\\/produit\\\/bougie-lin\\\/#primaryimage\"},\"thumbnailUrl\":\"https:\\\/\\\/letincelledaurel.fr\\\/wp-content\\\/uploads\\\/2025\\\/09\\\/Gemini_Generated_Image_m7st94m7st94m7st.png\",\"datePublished\":\"2024-08-23T11:18:41+00:00\",\"dateModified\":\"2026-04-24T14:17:13+00:00\",\"breadcrumb\":{\"@id\":\"https:\\\/\\\/letincelledaurel.fr\\\/index.php\\\/produit\\\/bougie-lin\\\/#breadcrumb\"},\"inLanguage\":\"fr-FR\",\"potentialAction\":[{\"@type\":\"ReadAction\",\"target\":[\"https:\\\/\\\/letincelledaurel.fr\\\/index.php\\\/produit\\\/bougie-lin\\\/\"]}]},{\"@type\":\"ImageObject\",\"inLanguage\":\"fr-FR\",\"@id\":\"https:\\\/\\\/letincelledaurel.fr\\\/index.php\\\/produit\\\/bougie-lin\\\/#primaryimage\",\"url\":\"https:\\\/\\\/letincelledaurel.fr\\\/wp-content\\\/uploads\\\/2025\\\/09\\\/Gemini_Generated_Image_m7st94m7st94m7st.png\",\"contentUrl\":\"https:\\\/\\\/letincelledaurel.fr\\\/wp-content\\\/uploads\\\/2025\\\/09\\\/Gemini_Generated_Image_m7st94m7st94m7st.png\",\"width\":896,\"height\":1195},{\"@type\":\"BreadcrumbList\",\"@id\":\"https:\\\/\\\/letincelledaurel.fr\\\/index.php\\\/produit\\\/bougie-lin\\\/#breadcrumb\",\"itemListElement\":[{\"@type\":\"ListItem\",\"position\":1,\"name\":\"Accueil\",\"item\":\"https:\\\/\\\/letincelledaurel.fr\\\/\"},{\"@type\":\"ListItem\",\"position\":2,\"name\":\"Boutique\",\"item\":\"https:\\\/\\\/letincelledaurel.fr\\\/index.php\\\/boutique\\\/\"},{\"@type\":\"ListItem\",\"position\":3,\"name\":\"Bougie Fleur de Lin\"}]},{\"@type\":\"WebSite\",\"@id\":\"https:\\\/\\\/letincelledaurel.fr\\\/#website\",\"url\":\"https:\\\/\\\/letincelledaurel.fr\\\/\",\"name\":\"L'\u00c9tincelle d'Aurel\",\"description\":\"Un site utilisant WordPress\",\"publisher\":{\"@id\":\"https:\\\/\\\/letincelledaurel.fr\\\/#organization\"},\"potentialAction\":[{\"@type\":\"SearchAction\",\"target\":{\"@type\":\"EntryPoint\",\"urlTemplate\":\"https:\\\/\\\/letincelledaurel.fr\\\/?s={search_term_string}\"},\"query-input\":{\"@type\":\"PropertyValueSpecification\",\"valueRequired\":true,\"valueName\":\"search_term_string\"}}],\"inLanguage\":\"fr-FR\"},{\"@type\":\"Organization\",\"@id\":\"https:\\\/\\\/letincelledaurel.fr\\\/#organization\",\"name\":\"L'\u00c9tincelle d'Aurel\",\"url\":\"https:\\\/\\\/letincelledaurel.fr\\\/\",\"logo\":{\"@type\":\"ImageObject\",\"inLanguage\":\"fr-FR\",\"@id\":\"https:\\\/\\\/letincelledaurel.fr\\\/#\\\/schema\\\/logo\\\/image\\\/\",\"url\":\"https:\\\/\\\/letincelledaurel.fr\\\/wp-content\\\/uploads\\\/2025\\\/02\\\/cropped-Group-3-6-1.png\",\"contentUrl\":\"https:\\\/\\\/letincelledaurel.fr\\\/wp-content\\\/uploads\\\/2025\\\/02\\\/cropped-Group-3-6-1.png\",\"width\":943,\"height\":984,\"caption\":\"L'\u00c9tincelle d'Aurel\"},\"image\":{\"@id\":\"https:\\\/\\\/letincelledaurel.fr\\\/#\\\/schema\\\/logo\\\/image\\\/\"},\"sameAs\":[\"https:\\\/\\\/www.facebook.com\\\/people\\\/Ltincelle-dAurel\\\/61566151084639\\\/\",\"https:\\\/\\\/www.instagram.com\\\/letincelledaurel\\\/\"]}]}<\/script>\n<!-- \/ Yoast SEO plugin. -->","yoast_head_json":{"title":"Bougie Fleur de Lin - L&#039;\u00c9tincelle d&#039;Aurel","robots":{"index":"index","follow":"follow","max-snippet":"max-snippet:-1","max-image-preview":"max-image-preview:large","max-video-preview":"max-video-preview:-1"},"canonical":"https:\/\/letincelledaurel.fr\/index.php\/produit\/bougie-lin\/","og_locale":"fr_FR","og_type":"article","og_title":"Bougie Fleur de Lin - L&#039;\u00c9tincelle d&#039;Aurel","og_description":"Laissez-vous charmer par cette bougie \u00e0 la d\u00e9licate fragrance de fleur de lin, aux notes douces et subtiles qui enveloppent votre int\u00e9rieur d\u2019une \u00e9l\u00e9gance apaisante. Avec ses 145 g de cire, elle offre environ 30 heures de combustion, accompagn\u00e9es du doux cr\u00e9pitement de sa m\u00e8che en bois, pour une atmosph\u00e8re chaleureuse et raffin\u00e9e.","og_url":"https:\/\/letincelledaurel.fr\/index.php\/produit\/bougie-lin\/","og_site_name":"L&#039;\u00c9tincelle d&#039;Aurel","article_publisher":"https:\/\/www.facebook.com\/people\/Ltincelle-dAurel\/61566151084639\/","article_modified_time":"2026-04-24T14:17:13+00:00","og_image":[{"width":896,"height":1195,"url":"https:\/\/letincelledaurel.fr\/wp-content\/uploads\/2025\/09\/Gemini_Generated_Image_m7st94m7st94m7st.png","type":"image\/png"}],"twitter_card":"summary_large_image","twitter_misc":{"Dur\u00e9e de lecture estim\u00e9e":"2 minutes"},"schema":{"@context":"https:\/\/schema.org","@graph":[{"@type":"WebPage","@id":"https:\/\/letincelledaurel.fr\/index.php\/produit\/bougie-lin\/","url":"https:\/\/letincelledaurel.fr\/index.php\/produit\/bougie-lin\/","name":"Bougie Fleur de Lin - L&#039;\u00c9tincelle d&#039;Aurel","isPartOf":{"@id":"https:\/\/letincelledaurel.fr\/#website"},"primaryImageOfPage":{"@id":"https:\/\/letincelledaurel.fr\/index.php\/produit\/bougie-lin\/#primaryimage"},"image":{"@id":"https:\/\/letincelledaurel.fr\/index.php\/produit\/bougie-lin\/#primaryimage"},"thumbnailUrl":"https:\/\/letincelledaurel.fr\/wp-content\/uploads\/2025\/09\/Gemini_Generated_Image_m7st94m7st94m7st.png","datePublished":"2024-08-23T11:18:41+00:00","dateModified":"2026-04-24T14:17:13+00:00","breadcrumb":{"@id":"https:\/\/letincelledaurel.fr\/index.php\/produit\/bougie-lin\/#breadcrumb"},"inLanguage":"fr-FR","potentialAction":[{"@type":"ReadAction","target":["https:\/\/letincelledaurel.fr\/index.php\/produit\/bougie-lin\/"]}]},{"@type":"ImageObject","inLanguage":"fr-FR","@id":"https:\/\/letincelledaurel.fr\/index.php\/produit\/bougie-lin\/#primaryimage","url":"https:\/\/letincelledaurel.fr\/wp-content\/uploads\/2025\/09\/Gemini_Generated_Image_m7st94m7st94m7st.png","contentUrl":"https:\/\/letincelledaurel.fr\/wp-content\/uploads\/2025\/09\/Gemini_Generated_Image_m7st94m7st94m7st.png","width":896,"height":1195},{"@type":"BreadcrumbList","@id":"https:\/\/letincelledaurel.fr\/index.php\/produit\/bougie-lin\/#breadcrumb","itemListElement":[{"@type":"ListItem","position":1,"name":"Accueil","item":"https:\/\/letincelledaurel.fr\/"},{"@type":"ListItem","position":2,"name":"Boutique","item":"https:\/\/letincelledaurel.fr\/index.php\/boutique\/"},{"@type":"ListItem","position":3,"name":"Bougie Fleur de Lin"}]},{"@type":"WebSite","@id":"https:\/\/letincelledaurel.fr\/#website","url":"https:\/\/letincelledaurel.fr\/","name":"L'\u00c9tincelle d'Aurel","description":"Un site utilisant WordPress","publisher":{"@id":"https:\/\/letincelledaurel.fr\/#organization"},"potentialAction":[{"@type":"SearchAction","target":{"@type":"EntryPoint","urlTemplate":"https:\/\/letincelledaurel.fr\/?s={search_term_string}"},"query-input":{"@type":"PropertyValueSpecification","valueRequired":true,"valueName":"search_term_string"}}],"inLanguage":"fr-FR"},{"@type":"Organization","@id":"https:\/\/letincelledaurel.fr\/#organization","name":"L'\u00c9tincelle d'Aurel","url":"https:\/\/letincelledaurel.fr\/","logo":{"@type":"ImageObject","inLanguage":"fr-FR","@id":"https:\/\/letincelledaurel.fr\/#\/schema\/logo\/image\/","url":"https:\/\/letincelledaurel.fr\/wp-content\/uploads\/2025\/02\/cropped-Group-3-6-1.png","contentUrl":"https:\/\/letincelledaurel.fr\/wp-content\/uploads\/2025\/02\/cropped-Group-3-6-1.png","width":943,"height":984,"caption":"L'\u00c9tincelle d'Aurel"},"image":{"@id":"https:\/\/letincelledaurel.fr\/#\/schema\/logo\/image\/"},"sameAs":["https:\/\/www.facebook.com\/people\/Ltincelle-dAurel\/61566151084639\/","https:\/\/www.instagram.com\/letincelledaurel\/"]}]}},"_links":{"self":[{"href":"https:\/\/letincelledaurel.fr\/index.php\/wp-json\/wp\/v2\/product\/138","targetHints":{"allow":["GET"]}}],"collection":[{"href":"https:\/\/letincelledaurel.fr\/index.php\/wp-json\/wp\/v2\/product"}],"about":[{"href":"https:\/\/letincelledaurel.fr\/index.php\/wp-json\/wp\/v2\/types\/product"}],"version-history":[{"count":10,"href":"https:\/\/letincelledaurel.fr\/index.php\/wp-json\/wp\/v2\/product\/138\/revisions"}],"predecessor-version":[{"id":1528,"href":"https:\/\/letincelledaurel.fr\/index.php\/wp-json\/wp\/v2\/product\/138\/revisions\/1528"}],"wp:featuredmedia":[{"embeddable":true,"href":"https:\/\/letincelledaurel.fr\/index.php\/wp-json\/wp\/v2\/media\/1598"}],"wp:attachment":[{"href":"https:\/\/letincelledaurel.fr\/index.php\/wp-json\/wp\/v2\/media?parent=138"}],"wp:term":[{"taxonomy":"product_brand","embeddable":true,"href":"https:\/\/letincelledaurel.fr\/index.php\/wp-json\/wp\/v2\/product_brand?post=138"},{"taxonomy":"product_cat","embeddable":true,"href":"https:\/\/letincelledaurel.fr\/index.php\/wp-json\/wp\/v2\/product_cat?post=138"},{"taxonomy":"product_tag","embeddable":true,"href":"https:\/\/letincelledaurel.fr\/index.php\/wp-json\/wp\/v2\/product_tag?post=138"}],"curies":[{"name":"wp","href":"https:\/\/api.w.org\/{rel}","templated":true}]}}